{"id":542,"date":"2019-05-06T12:11:05","date_gmt":"2019-05-06T10:11:05","guid":{"rendered":"http:\/\/stadtentwicklung-intern.net\/?page_id=542"},"modified":"2020-01-27T16:09:11","modified_gmt":"2020-01-27T15:09:11","slug":"hilfe-zur-handhabung","status":"publish","type":"page","link":"https:\/\/work.boklima.de\/?page_id=542","title":{"rendered":"Hilfe zur Handhabung"},"content":{"rendered":"\n<p>Hier enstehen in loser Folge einige Hinweise zur Handhabung und Nutzung der &#8216;Site&#8217; &#8220;<strong><em>Boklima.de<\/em><\/strong>&#8221; ; W\u00fcnsche f\u00fcr weitere Abschnitte bitte unten in den Kommentaren w\u00fcnschen:<\/p>\n\n\n\n<h2 class=\"wp-block-heading\"><span class=\"ez-toc-section\" id=\"_TbD\"><\/span> === TbD ===<span class=\"ez-toc-section-end\"><\/span><\/h2>\n\n\n\n<h3 class=\"wp-block-heading\"><span class=\"ez-toc-section\" id=\"Generelles\"><\/span>Generelles<span class=\"ez-toc-section-end\"><\/span><\/h3>\n\n\n\n<h4 class=\"wp-block-heading\"><span class=\"ez-toc-section\" id=\"Seiten_erstellen_und_bearbeiten\"><\/span><strong>Seiten erstellen und bearbeiten<\/strong> <span class=\"ez-toc-section-end\"><\/span><\/h4>\n\n\n\n<ul class=\"wp-block-list\"><li>neue Seiten sollten nur in den bereichen unterhalb der Arbeitsgruppen angelegt werden <\/li><li><strong>neue Seite<\/strong> :  <ul><li>oben in der schwarzen Menue-Leiste unter &#8216;Netzwerk&#8217; auf &#8216;Dashboard&#8217; klicken<\/li><li>im linken Menue-Bereich auf &#8216;Seiten&#8217; klicken <\/li><li>Die Seitenhierarchie des gew\u00fcnschten AK&#8217;s aufklappen (Dreieck)<\/li><li>Bei den 3 Punkten (rechts) auf &#8216;neue Unterseite&#8217; klicken<\/li><li>Titel der Seite eingeben und &#8216;erstellen und bearbeiten&#8217; klicken<\/li><\/ul><\/li><\/ul>\n\n\n\n<h4 class=\"wp-block-heading\"><span class=\"ez-toc-section\" id=\"Seite_bearbeiten_Bloecke\"><\/span>Seite bearbeiten , Bl\u00f6cke<span class=\"ez-toc-section-end\"><\/span><\/h4>\n\n\n\n<ul class=\"wp-block-list\"><li>Jedes Text-Element ist ein Block<\/li><li>Zur Block-\u00dcbersicht auf das &#8216;+&#8217; vor dem leeren Block klicken<br><\/li><li>Einige wichtige Bl\u00f6cke <ul><li>Absatz , \u00dcberschrift , Liste<\/li><\/ul><\/li><li><a rel=\"noreferrer noopener\" href=\"https:\/\/elbnetz.com\/gutenberg-anleitung-so-funktioniert-der-neue-wordpress-editor\/\" target=\"_blank\">Etwas externe Hilfe<\/a> (leider eine altere Version, Bilder stimmen nicht mehr ganz)<\/li><li><a rel=\"noreferrer noopener\" href=\"https:\/\/www.elmastudio.de\/was-du-ueber-den-wordpress-gutenberg-editor-wissen-solltest\/\" target=\"_blank\">und hier mit ein paar Videos<\/a> (wer&#8217;s mag \ud83d\ude42 )<\/li><li>Kommunikation<br>&#8230; <\/li><\/ul>\n\n\n\n<h3 class=\"wp-block-heading\"><span class=\"ez-toc-section\" id=\"Dokumenten_Bibliothek\"><\/span>Dokumenten Bibliothek <span class=\"ez-toc-section-end\"><\/span><\/h3>\n\n\n\n<ul class=\"wp-block-list\"><li>xx<\/li><\/ul>\n\n\n\n<h3 class=\"wp-block-heading\"><span class=\"ez-toc-section\" id=\"Direktes_einbinden_von_odt_%E2%80%93_Dateien\"><\/span>Direktes einbinden von   .odt &#8211; Dateien<span class=\"ez-toc-section-end\"><\/span><\/h3>\n\n\n\n<ul class=\"wp-block-list\"><li>Hierf\u00fcr gibt es den speziellen &#8216;Block&#8217;  <strong>docxpress<\/strong> , dieser befindet sich in der Block-Gruppe &#8216;<em>Widget<\/em>&#8216; ,<\/li><li>Also statt eines Paragraph- oder List-Blocks  den Block docxpress in die Seite einf\u00fcgen,<\/li><li>auf &#8216;<em>Datei-Ausw\u00e4hlen<\/em>&#8216; clicken ,<\/li><li>auf &#8216;<em>Mediathek<\/em>&#8216; klicken , <\/li><li>gew\u00fcnschte .odt &#8211; Datei anklicken , <\/li><li>unten rechts auf &#8216;<em>Ausw\u00e4hlen<\/em>&#8216; klicken .<\/li><li>               &#8216;<em>Aktualisieren<\/em>&#8216; oben rechts  (zum Seite speichern )   nicht vergessen \ud83d\ude42   !!<\/li><\/ul>\n\n\n\n<h3 class=\"wp-block-heading\"><span class=\"ez-toc-section\" id=\"Spezielle_Kleinigkeiten\"><\/span>Spezielle Kleinigkeiten <span class=\"ez-toc-section-end\"><\/span><\/h3>\n\n\n\n<ul class=\"wp-block-list\"><li><strong>Einbinden von PDF-Dateie<\/strong>n (zum inline lesen ) : <ul><li>Es muss ein spezieller &#8216;Block&#8217; benutzt werden : unter &#8216;allgemeine Bl\u00f6cke&#8217; den Block &#8216;PDF-Viewer&#8217; ausw\u00e4hlen , <\/li><li>In dem Pop-Up dann &#8216;Mediatek&#8217; anklicken , <\/li><li>Auf der erscheinenden Seite &#8216;Medium w\u00e4hlen&#8217;  noch einmal &#8216;Mediate &#8216; anklicken (links oben) , <\/li><li>Aus der \u00dcbersicht (leider) ALLER Dateien die gew\u00fcnschte PDF durch anklicken ausw\u00e4hlen , <\/li><li>zum Abschlie\u00dfen &#8216;Ausw\u00e4hlen&#8217;  (blauer Button unten rechts) anklicken .<\/li><li><strong>Fehlersituation<\/strong> : Es kann sein, dass beim ansehen eine FehlerMeldung &#8216;&#8230;.&#8217; erscheint :  Dann kurze Nachricht an Thomas mit dem Seitennamen  (da muss dann leider eine Kleinigkeit im Backend angepasst werden) !<\/li><\/ul><\/li><li>x<\/li><\/ul>\n\n\n\n<h3 class=\"wp-block-heading\"><span class=\"ez-toc-section\" id=\"Neue_SeitenStruktur_%E2%80%94_automatisches_Inhaltsverzeichnis\"><\/span>Neue SeitenStruktur &#8212; automatisches Inhaltsverzeichnis<span class=\"ez-toc-section-end\"><\/span><\/h3>\n\n\n\n<ul class=\"wp-block-list\"><li>Wenn auf Seiten der Block &#8216;<em>Titel<\/em>&#8216; \/ &#8216;<em>\u00dcberschrift<\/em>&#8216; verwendet wird , wird automatisch ein Inhaltsverzeichnis beim Ansehen eingeblendet .   <\/li><\/ul>\n\n\n\n<h2 class=\"wp-block-heading\"><span class=\"ez-toc-section\" id=\"Direktes_Einbinden_von_%E2%80%98_odt_%E2%80%98_%E2%80%93_Dateien\"><\/span>Direktes Einbinden von   &#8216; .odt &#8216; &#8211; Dateien<span class=\"ez-toc-section-end\"><\/span><\/h2>\n\n\n\n<p>Durch ein neues plugin (was ich noch anpassen musste) k\u00f6nnen jetzt   .odt  &#8211; Dateien (leider keine .docx-Dateien von MS-Word \ud83d\ude41  )  direkt eingebunden werden  \ud83d\ude42  \ud83d\ude42  . Hierf\u00fcr hab ich mal eine <a rel=\"noreferrer noopener\" aria-label=\"Demo-Seite (\u00f6ffnet in neuem Tab)\" href=\"https:\/\/work.boklima.de\/?page_id=804\" target=\"_blank\">Demo-Seite<\/a> erstellt.<\/p>\n\n\n\n<p>Hilfe zur Anwendung gibt&#8217;s (in K\u00fcrze) auf der <a href=\"https:\/\/work.boklima.de\/?page_id=542\" target=\"_blank\" rel=\"noreferrer noopener\" aria-label=\"Hilfe-Seite (\u00f6ffnet in neuem Tab)\">Hilfe-Seite<\/a> !<\/p>\n\n\n\n<h2 class=\"wp-block-heading\"><span class=\"ez-toc-section\" id=\"Diverse_Kleinigkeiten_aber_wichtig\"><\/span>Diverse Kleinigkeiten (aber wichtig)<span class=\"ez-toc-section-end\"><\/span><\/h2>\n\n\n\n<ul class=\"wp-block-list\"><li><strong>Dokumenten-Bibliothek  &#8212; Dateien Hochladen <\/strong><ul><li>DateiNamen im Dokumenten-Manager d\u00fcrfen keine Umlaute \/ (best.) Sonderzeichen enthalten  ( wg des Backups und sonstiger techn. Dinge ) : daher werden beim Hochladen diese Zeichen entfernt !  Die DateiNamen in der Dokumenten-\u00dcbersicht sehen also evtl. leicht anders aus , als auf eurem Rechner ! <\/li><\/ul><\/li><li>x<\/li><\/ul>\n<div id=\"ez-toc-container\" class=\"ez-toc-v2_0_71 counter-hierarchy ez-toc-counter ez-toc-transparent ez-toc-container-direction\">\n<p class=\"ez-toc-title\" style=\"cursor:inherit\">Inhalte dieser Seite :<\/p>\n<label for=\"ez-toc-cssicon-toggle-item-69da1459a2ba1\" class=\"ez-toc-cssicon-toggle-label\"><span class=\"\"><span class=\"eztoc-hide\" style=\"display:none;\">Toggle<\/span><span class=\"ez-toc-icon-toggle-span\"><svg style=\"fill: #999;color:#999\" xmlns=\"http:\/\/www.w3.org\/2000\/svg\" class=\"list-377408\" width=\"20px\" height=\"20px\" viewBox=\"0 0 24 24\" fill=\"none\"><path d=\"M6 6H4v2h2V6zm14 0H8v2h12V6zM4 11h2v2H4v-2zm16 0H8v2h12v-2zM4 16h2v2H4v-2zm16 0H8v2h12v-2z\" fill=\"currentColor\"><\/path><\/svg><svg style=\"fill: #999;color:#999\" class=\"arrow-unsorted-368013\" xmlns=\"http:\/\/www.w3.org\/2000\/svg\" width=\"10px\" height=\"10px\" viewBox=\"0 0 24 24\" version=\"1.2\" baseProfile=\"tiny\"><path d=\"M18.2 9.3l-6.2-6.3-6.2 6.3c-.2.2-.3.4-.3.7s.1.5.3.7c.2.2.4.3.7.3h11c.3 0 .5-.1.7-.3.2-.2.3-.5.3-.7s-.1-.5-.3-.7zM5.8 14.7l6.2 6.3 6.2-6.3c.2-.2.3-.5.3-.7s-.1-.5-.3-.7c-.2-.2-.4-.3-.7-.3h-11c-.3 0-.5.1-.7.3-.2.2-.3.5-.3.7s.1.5.3.7z\"\/><\/svg><\/span><\/span><\/label><input type=\"checkbox\"  id=\"ez-toc-cssicon-toggle-item-69da1459a2ba1\" checked aria-label=\"Toggle\" \/><nav><ul class='ez-toc-list ez-toc-list-level-1 ' ><li class='ez-toc-page-1 ez-toc-heading-level-2'><a class=\"ez-toc-link ez-toc-heading-1\" href=\"https:\/\/work.boklima.de\/?page_id=542\/#_TbD\" title=\"=== TbD ===\">=== TbD ===<\/a><ul class='ez-toc-list-level-3' ><li class='ez-toc-heading-level-3'><a class=\"ez-toc-link ez-toc-heading-2\" href=\"https:\/\/work.boklima.de\/?page_id=542\/#Generelles\" title=\"Generelles\">Generelles<\/a><ul class='ez-toc-list-level-4' ><li class='ez-toc-heading-level-4'><a class=\"ez-toc-link ez-toc-heading-3\" href=\"https:\/\/work.boklima.de\/?page_id=542\/#Seiten_erstellen_und_bearbeiten\" title=\"Seiten erstellen und bearbeiten\">Seiten erstellen und bearbeiten<\/a><\/li><li class='ez-toc-page-1 ez-toc-heading-level-4'><a class=\"ez-toc-link ez-toc-heading-4\" href=\"https:\/\/work.boklima.de\/?page_id=542\/#Seite_bearbeiten_Bloecke\" title=\"Seite bearbeiten , Bl\u00f6cke\">Seite bearbeiten , Bl\u00f6cke<\/a><\/li><\/ul><\/li><li class='ez-toc-page-1 ez-toc-heading-level-3'><a class=\"ez-toc-link ez-toc-heading-5\" href=\"https:\/\/work.boklima.de\/?page_id=542\/#Dokumenten_Bibliothek\" title=\"Dokumenten Bibliothek\">Dokumenten Bibliothek<\/a><\/li><li class='ez-toc-page-1 ez-toc-heading-level-3'><a class=\"ez-toc-link ez-toc-heading-6\" href=\"https:\/\/work.boklima.de\/?page_id=542\/#Direktes_einbinden_von_odt_%E2%80%93_Dateien\" title=\"Direktes einbinden von   .odt &#8211; Dateien\">Direktes einbinden von   .odt &#8211; Dateien<\/a><\/li><li class='ez-toc-page-1 ez-toc-heading-level-3'><a class=\"ez-toc-link ez-toc-heading-7\" href=\"https:\/\/work.boklima.de\/?page_id=542\/#Spezielle_Kleinigkeiten\" title=\"Spezielle Kleinigkeiten\">Spezielle Kleinigkeiten<\/a><\/li><li class='ez-toc-page-1 ez-toc-heading-level-3'><a class=\"ez-toc-link ez-toc-heading-8\" href=\"https:\/\/work.boklima.de\/?page_id=542\/#Neue_SeitenStruktur_%E2%80%94_automatisches_Inhaltsverzeichnis\" title=\"Neue SeitenStruktur &#8212; automatisches Inhaltsverzeichnis\">Neue SeitenStruktur &#8212; automatisches Inhaltsverzeichnis<\/a><\/li><\/ul><\/li><li class='ez-toc-page-1 ez-toc-heading-level-2'><a class=\"ez-toc-link ez-toc-heading-9\" href=\"https:\/\/work.boklima.de\/?page_id=542\/#Direktes_Einbinden_von_%E2%80%98_odt_%E2%80%98_%E2%80%93_Dateien\" title=\"Direktes Einbinden von   &#8216; .odt &#8216; &#8211; Dateien\">Direktes Einbinden von   &#8216; .odt &#8216; &#8211; Dateien<\/a><\/li><li class='ez-toc-page-1 ez-toc-heading-level-2'><a class=\"ez-toc-link ez-toc-heading-10\" href=\"https:\/\/work.boklima.de\/?page_id=542\/#Diverse_Kleinigkeiten_aber_wichtig\" title=\"Diverse Kleinigkeiten (aber wichtig)\">Diverse Kleinigkeiten (aber wichtig)<\/a><\/li><\/ul><\/nav><\/div>\n","protected":false},"excerpt":{"rendered":"<p>Hier enstehen in loser Folge einige Hinweise zur Handhabung und Nutzung der &#8216;Site&#8217; &#8220;Boklima.de&#8221; ; W\u00fcnsche f\u00fcr weitere Abschnitte bitte unten in den Kommentaren w\u00fcnschen: === TbD === Generelles Seiten erstellen und bearbeiten neue Seiten sollten nur in den bereichen unterhalb der Arbeitsgruppen angelegt werden neue Seite : oben in der schwarzen Menue-Leiste unter &#8216;Netzwerk&#8217; [&hellip;]<\/p>\n","protected":false},"author":8,"featured_media":0,"parent":22,"menu_order":1,"comment_status":"open","ping_status":"closed","template":"","meta":{"ngg_post_thumbnail":0,"_mc_calendar":[],"footnotes":""},"class_list":["post-542","page","type-page","status-publish","hentry"],"_links":{"self":[{"href":"https:\/\/work.boklima.de\/index.php?rest_route=\/wp\/v2\/pages\/542","targetHints":{"allow":["GET"]}}],"collection":[{"href":"https:\/\/work.boklima.de\/index.php?rest_route=\/wp\/v2\/pages"}],"about":[{"href":"https:\/\/work.boklima.de\/index.php?rest_route=\/wp\/v2\/types\/page"}],"author":[{"embeddable":true,"href":"https:\/\/work.boklima.de\/index.php?rest_route=\/wp\/v2\/users\/8"}],"replies":[{"embeddable":true,"href":"https:\/\/work.boklima.de\/index.php?rest_route=%2Fwp%2Fv2%2Fcomments&post=542"}],"version-history":[{"count":15,"href":"https:\/\/work.boklima.de\/index.php?rest_route=\/wp\/v2\/pages\/542\/revisions"}],"predecessor-version":[{"id":3095,"href":"https:\/\/work.boklima.de\/index.php?rest_route=\/wp\/v2\/pages\/542\/revisions\/3095"}],"up":[{"embeddable":true,"href":"https:\/\/work.boklima.de\/index.php?rest_route=\/wp\/v2\/pages\/22"}],"wp:attachment":[{"href":"https:\/\/work.boklima.de\/index.php?rest_route=%2Fwp%2Fv2%2Fmedia&parent=542"}],"curies":[{"name":"wp","href":"https:\/\/api.w.org\/{rel}","templated":true}]}}