{"id":4483,"date":"2020-04-24T16:09:00","date_gmt":"2020-04-24T14:09:33","guid":{"rendered":"https:\/\/boklima.de\/?page_id=4483"},"modified":"2020-09-19T17:37:07","modified_gmt":"2020-09-19T15:37:07","slug":"multiplikatoren-2-5","status":"publish","type":"page","link":"https:\/\/work.boklima.de\/?page_id=4483","title":{"rendered":"AG Klimanotstand"},"content":{"rendered":"\n<h2 class=\"wp-block-heading\"><span class=\"ez-toc-section\" id=\"Betreuer_Treffen\"><\/span>Betreuer \/ Treffen : <span class=\"ez-toc-section-end\"><\/span><\/h2>\n\n\n\n<p>Philipp Niewiera, David Piorunek und Steffen Sch\u00fcttler<\/p>\n\n\n\n<hr class=\"wp-block-separator has-text-color has-background\" style=\"background-color:#3ea300;color:#3ea300\"\/>\n\n\n\n<p>Regelm\u00e4\u00dfiger Austausch durch Telefonate. Bei Interesse und Nachfragen einfach eine Mail an steffen.schuettler@posteo.de<\/p>\n\n\n\n<hr class=\"wp-block-separator has-text-color has-background\" style=\"background-color:#3ea300;color:#3ea300\"\/>\n\n\n\n<h2 class=\"wp-block-heading\"><span class=\"ez-toc-section\" id=\"Sachstand_Klimaschutz_in_Bochum_Stand_14962020\"><\/span><strong>Sachstand Klimaschutz in Bochum<\/strong><br>Stand 14.96.2020<span class=\"ez-toc-section-end\"><\/span><\/h2>\n\n\n\n<p>Die Stadt Bochum hat einen Sachstand zum Thema Klimaschutz in Bochum zum einj\u00e4hrigen Jubil\u00e4um des Klimanotstands ver\u00f6ffentlicht. Dieser kann im Ratsinformationssystem eingesehen werden:<br><a href=\"https:\/\/session.bochum.de\/bi\/vo0050.asp?__kvonr=7077505\">https:\/\/session.bochum.de\/bi\/vo0050.asp?__kvonr=7077505<\/a><\/p>\n\n\n\n<p>Die AG Klimanotstand hat die Mitteilung gesichtet und die wichtigsten Aussagen zusammengefasst:<\/p>\n\n\n\n<figure class=\"wp-block-image size-large\"><img loading=\"lazy\" decoding=\"async\" width=\"724\" height=\"1024\" src=\"https:\/\/work.boklima.de\/wp-content\/uploads\/2020\/06\/sachstand-klimaschutz-bochum-01-724x1024.png\" alt=\"\" class=\"wp-image-5304\" srcset=\"https:\/\/work.boklima.de\/wp-content\/uploads\/2020\/06\/sachstand-klimaschutz-bochum-01-724x1024.png 724w, https:\/\/work.boklima.de\/wp-content\/uploads\/2020\/06\/sachstand-klimaschutz-bochum-01-212x300.png 212w, https:\/\/work.boklima.de\/wp-content\/uploads\/2020\/06\/sachstand-klimaschutz-bochum-01-768x1086.png 768w, https:\/\/work.boklima.de\/wp-content\/uploads\/2020\/06\/sachstand-klimaschutz-bochum-01-1086x1536.png 1086w, https:\/\/work.boklima.de\/wp-content\/uploads\/2020\/06\/sachstand-klimaschutz-bochum-01-1200x1697.png 1200w, https:\/\/work.boklima.de\/wp-content\/uploads\/2020\/06\/sachstand-klimaschutz-bochum-01.png 1414w\" sizes=\"auto, (max-width: 724px) 100vw, 724px\" \/><\/figure>\n\n\n\n<figure class=\"wp-block-image size-large\"><img loading=\"lazy\" decoding=\"async\" width=\"724\" height=\"1024\" src=\"https:\/\/work.boklima.de\/wp-content\/uploads\/2020\/06\/sachstand-klimaschutz-bochum-02-724x1024.png\" alt=\"\" class=\"wp-image-5305\" srcset=\"https:\/\/work.boklima.de\/wp-content\/uploads\/2020\/06\/sachstand-klimaschutz-bochum-02-724x1024.png 724w, https:\/\/work.boklima.de\/wp-content\/uploads\/2020\/06\/sachstand-klimaschutz-bochum-02-212x300.png 212w, https:\/\/work.boklima.de\/wp-content\/uploads\/2020\/06\/sachstand-klimaschutz-bochum-02-768x1086.png 768w, https:\/\/work.boklima.de\/wp-content\/uploads\/2020\/06\/sachstand-klimaschutz-bochum-02-1086x1536.png 1086w, https:\/\/work.boklima.de\/wp-content\/uploads\/2020\/06\/sachstand-klimaschutz-bochum-02-1200x1697.png 1200w, https:\/\/work.boklima.de\/wp-content\/uploads\/2020\/06\/sachstand-klimaschutz-bochum-02.png 1414w\" sizes=\"auto, (max-width: 724px) 100vw, 724px\" \/><\/figure>\n\n\n\n<hr class=\"wp-block-separator has-text-color has-background\" style=\"background-color:#3ea300;color:#3ea300\"\/>\n\n\n\n<h2 class=\"wp-block-heading\"><span class=\"ez-toc-section\" id=\"Aufgaben_Ziele_der_AG_Klimanotstand\"><\/span>Aufgaben \/ Ziele der AG Klimanotstand<span class=\"ez-toc-section-end\"><\/span><\/h2>\n\n\n\n<ul class=\"wp-block-list\"><li>\u00dcberwachung\/Kontrolle der Aktivit\u00e4ten im gesamten Bereichs des Rates und der Verwaltung der Stadt Bochum im Hinblick auf den ausgerufenen Klimanotstand<\/li><li>Nachfragen bei den Fraktionen, der Verwaltung und dem Klimamanager \u00fcber Stand und Durchf\u00fchrung des Bochumer Klimanotstandes<\/li><li>Dokumentation des zeitlichen Verlaufs aller Beschl\u00fcsse die sich mit dem Klimanotstand befassen<\/li><li>Informationsvermittlung an die Mitglieder des BoKlimas zu dieser Thematik <\/li><\/ul>\n\n\n\n<hr class=\"wp-block-separator has-text-color has-background\" style=\"background-color:#34a300;color:#34a300\"\/>\n\n\n\n<h2 class=\"wp-block-heading\"><span class=\"ez-toc-section\" id=\"Uebersicht_zur_Gesetzgebung_auf_kommunaler_Ebene\"><\/span>\u00dcbersicht zur Gesetzgebung auf kommunaler Ebene<span class=\"ez-toc-section-end\"><\/span><\/h2>\n\n\n\n<figure class=\"wp-block-image size-large\"><img loading=\"lazy\" decoding=\"async\" width=\"724\" height=\"1024\" src=\"https:\/\/work.boklima.de\/wp-content\/uploads\/2020\/04\/gesetzgebungsverfahren-724x1024.png\" alt=\"\" class=\"wp-image-4514\" srcset=\"https:\/\/work.boklima.de\/wp-content\/uploads\/2020\/04\/gesetzgebungsverfahren-724x1024.png 724w, https:\/\/work.boklima.de\/wp-content\/uploads\/2020\/04\/gesetzgebungsverfahren-212x300.png 212w, https:\/\/work.boklima.de\/wp-content\/uploads\/2020\/04\/gesetzgebungsverfahren-768x1086.png 768w, https:\/\/work.boklima.de\/wp-content\/uploads\/2020\/04\/gesetzgebungsverfahren-1086x1536.png 1086w, https:\/\/work.boklima.de\/wp-content\/uploads\/2020\/04\/gesetzgebungsverfahren-1200x1697.png 1200w, https:\/\/work.boklima.de\/wp-content\/uploads\/2020\/04\/gesetzgebungsverfahren.png 1414w\" sizes=\"auto, (max-width: 724px) 100vw, 724px\" \/><\/figure>\n\n\n\n<hr class=\"wp-block-separator has-text-color has-background\" style=\"background-color:#3ea300;color:#3ea300\"\/>\n\n\n\n<h2 class=\"wp-block-heading\"><span class=\"ez-toc-section\" id=\"Zeitliche_Entwicklung_des_Klimanotstandes_im_Rat_der_Stadt_Bochum\"><\/span>Zeitliche Entwicklung des Klimanotstandes im Rat der Stadt Bochum<span class=\"ez-toc-section-end\"><\/span><\/h2>\n\n\n\n<figure class=\"wp-block-image size-large\"><img loading=\"lazy\" decoding=\"async\" width=\"724\" height=\"1024\" src=\"https:\/\/work.boklima.de\/wp-content\/uploads\/2020\/08\/timeline-klimanotstand-bochum-1-724x1024.png\" alt=\"\" class=\"wp-image-5861\" srcset=\"https:\/\/work.boklima.de\/wp-content\/uploads\/2020\/08\/timeline-klimanotstand-bochum-1-724x1024.png 724w, https:\/\/work.boklima.de\/wp-content\/uploads\/2020\/08\/timeline-klimanotstand-bochum-1-212x300.png 212w, https:\/\/work.boklima.de\/wp-content\/uploads\/2020\/08\/timeline-klimanotstand-bochum-1-768x1086.png 768w, https:\/\/work.boklima.de\/wp-content\/uploads\/2020\/08\/timeline-klimanotstand-bochum-1-1086x1536.png 1086w, https:\/\/work.boklima.de\/wp-content\/uploads\/2020\/08\/timeline-klimanotstand-bochum-1-1200x1697.png 1200w, https:\/\/work.boklima.de\/wp-content\/uploads\/2020\/08\/timeline-klimanotstand-bochum-1.png 1414w\" sizes=\"auto, (max-width: 724px) 100vw, 724px\" \/><\/figure>\n\n\n\n<figure class=\"wp-block-image size-large\"><img loading=\"lazy\" decoding=\"async\" width=\"724\" height=\"1024\" src=\"https:\/\/work.boklima.de\/wp-content\/uploads\/2020\/08\/timeline-klimanotstand-bochum-2-724x1024.png\" alt=\"\" class=\"wp-image-5862\" srcset=\"https:\/\/work.boklima.de\/wp-content\/uploads\/2020\/08\/timeline-klimanotstand-bochum-2-724x1024.png 724w, https:\/\/work.boklima.de\/wp-content\/uploads\/2020\/08\/timeline-klimanotstand-bochum-2-212x300.png 212w, https:\/\/work.boklima.de\/wp-content\/uploads\/2020\/08\/timeline-klimanotstand-bochum-2-768x1086.png 768w, https:\/\/work.boklima.de\/wp-content\/uploads\/2020\/08\/timeline-klimanotstand-bochum-2-1086x1536.png 1086w, https:\/\/work.boklima.de\/wp-content\/uploads\/2020\/08\/timeline-klimanotstand-bochum-2-1200x1697.png 1200w, https:\/\/work.boklima.de\/wp-content\/uploads\/2020\/08\/timeline-klimanotstand-bochum-2.png 1414w\" sizes=\"auto, (max-width: 724px) 100vw, 724px\" \/><\/figure>\n\n\n\n<hr class=\"wp-block-separator has-text-color has-background\" style=\"background-color:#3ea300;color:#3ea300\"\/>\n\n\n\n<h2 class=\"wp-block-heading\"><span class=\"ez-toc-section\" id=\"Antrag_von_SPD_Die_Gruenen_basierend_auf_dem_Klimanotstand\"><\/span>Antrag von SPD &amp; Die Gr\u00fcnen basierend auf dem Klimanotstand<span class=\"ez-toc-section-end\"><\/span><\/h2>\n\n\n\n<figure class=\"wp-block-image size-large\"><img loading=\"lazy\" decoding=\"async\" width=\"724\" height=\"1024\" src=\"https:\/\/work.boklima.de\/wp-content\/uploads\/2020\/05\/antrag-nach-klimanotstand-2-724x1024.png\" alt=\"\" class=\"wp-image-4688\" srcset=\"https:\/\/work.boklima.de\/wp-content\/uploads\/2020\/05\/antrag-nach-klimanotstand-2-724x1024.png 724w, https:\/\/work.boklima.de\/wp-content\/uploads\/2020\/05\/antrag-nach-klimanotstand-2-212x300.png 212w, https:\/\/work.boklima.de\/wp-content\/uploads\/2020\/05\/antrag-nach-klimanotstand-2-768x1086.png 768w, https:\/\/work.boklima.de\/wp-content\/uploads\/2020\/05\/antrag-nach-klimanotstand-2-1086x1536.png 1086w, https:\/\/work.boklima.de\/wp-content\/uploads\/2020\/05\/antrag-nach-klimanotstand-2-1200x1697.png 1200w, https:\/\/work.boklima.de\/wp-content\/uploads\/2020\/05\/antrag-nach-klimanotstand-2.png 1414w\" sizes=\"auto, (max-width: 724px) 100vw, 724px\" \/><\/figure>\n\n\n\n<hr class=\"wp-block-separator has-text-color has-background\" style=\"background-color:#3ea300;color:#3ea300\"\/>\n\n\n\n<h2 class=\"wp-block-heading\"><span class=\"ez-toc-section\" id=\"Anfrage_der_FDP_Stadtgestalter_zur_Umsetzung_der_Massnahmen_aus_den_Klimaschutzkonzepten\"><\/span>Anfrage der FDP &amp; Stadtgestalter zur Umsetzung der Ma\u00dfnahmen aus den Klimaschutzkonzepten<span class=\"ez-toc-section-end\"><\/span><\/h2>\n\n\n\n<figure class=\"wp-block-image size-large\"><img loading=\"lazy\" decoding=\"async\" width=\"724\" height=\"1024\" src=\"https:\/\/work.boklima.de\/wp-content\/uploads\/2020\/04\/klimaschutzkonzept-724x1024.png\" alt=\"\" class=\"wp-image-4516\" srcset=\"https:\/\/work.boklima.de\/wp-content\/uploads\/2020\/04\/klimaschutzkonzept-724x1024.png 724w, https:\/\/work.boklima.de\/wp-content\/uploads\/2020\/04\/klimaschutzkonzept-212x300.png 212w, https:\/\/work.boklima.de\/wp-content\/uploads\/2020\/04\/klimaschutzkonzept-768x1086.png 768w, https:\/\/work.boklima.de\/wp-content\/uploads\/2020\/04\/klimaschutzkonzept-1086x1536.png 1086w, https:\/\/work.boklima.de\/wp-content\/uploads\/2020\/04\/klimaschutzkonzept-1200x1697.png 1200w, https:\/\/work.boklima.de\/wp-content\/uploads\/2020\/04\/klimaschutzkonzept.png 1414w\" sizes=\"auto, (max-width: 724px) 100vw, 724px\" \/><\/figure>\n\n\n\n<hr class=\"wp-block-separator has-text-color has-background\" style=\"background-color:#3ea300;color:#3ea300\"\/>\n\n\n\n<h3 class=\"wp-block-heading\"><span class=\"ez-toc-section\" id=\"Externe_Links_zum_Ratsinformationssystem\"><\/span>Externe Links zum Ratsinformationssystem<span class=\"ez-toc-section-end\"><\/span><\/h3>\n\n\n\n<ul class=\"wp-block-list\"><li>Ratsinformationssystem allgemein:<br><a href=\"https:\/\/session.bochum.de\/bi\/infobi.asp\">https:\/\/session.bochum.de\/bi\/infobi.asp<\/a><\/li><li>B\u00fcrgerantrag Klimanotstand<br><a href=\"https:\/\/session.bochum.de\/bi\/vo0050.asp?__kvonr=7073740\">https:\/\/session.bochum.de\/bi\/vo0050.asp?__kvonr=7073740<\/a><\/li><li>Resolution &#8220;Climate Emergency&#8221;:<br><a href=\"https:\/\/session.bochum.de\/bi\/vo0050.asp?__kvonr=7073913\">https:\/\/session.bochum.de\/bi\/vo0050.asp?__kvonr=7073913<\/a><\/li><li>Antrag &#8220;Klimaschutz in Bochum&#8221;:<br><a href=\"https:\/\/session.bochum.de\/bi\/vo0050.asp?__kvonr=7074350\">https:\/\/session.bochum.de\/bi\/vo0050.asp?__kvonr=7074350<\/a><\/li><li>Ber\u00fccksichtigung der Auswirkung auf das Klima in parlamentarischen Beschlussvorlagen:<br><a href=\"https:\/\/session.bochum.de\/bi\/vo0050.asp?__kvonr=7076101\">https:\/\/session.bochum.de\/bi\/vo0050.asp?__kvonr=7076101<\/a><br><strong>Antwort<\/strong>: <a href=\"https:\/\/session.bochum.de\/bi\/vo0050.asp?__kvonr=7077216\">https:\/\/session.bochum.de\/bi\/vo0050.asp?__kvonr=7077216<\/a><\/li><li>Anfrage Fraktion FDP &amp; Die Stadtgestalter zum Klimaschutzkonzept:<br><a href=\"https:\/\/session.bochum.de\/bi\/vo0050.asp?__kvonr=7076968\">https:\/\/session.bochum.de\/bi\/vo0050.asp?__kvonr=7076968<\/a><\/li><\/ul>\n\n\n\n<hr class=\"wp-block-separator has-text-color has-background\" style=\"background-color:#3ea300;color:#3ea300\"\/>\n\n\n\n<h2 class=\"wp-block-heading\"><span class=\"ez-toc-section\" id=\"Orientierungshilfe_des_Deutschen_Staedtetages\"><\/span>Orientierungshilfe des Deutschen St\u00e4dtetages:<span class=\"ez-toc-section-end\"><\/span><\/h2>\n\n\n<p><a href=\"https:\/\/www.staedtetag-rlp.de\/themen\/umwelt-klima-und-verkehr\/orientierungshilfe-klimarelevanz\/orientierungshilfe-klimarelevante-beschlussvorlagen.pdf?cid=hub&amp;cid=hub&amp;cid=hub&amp;cid=hub&amp;cid=hub\">https:\/\/www.staedtetag-rlp.de\/themen\/umwelt-klima-und-verkehr\/orientierungshilfe-klimarelevanz\/orientierungshilfe-klimarelevante-beschlussvorlagen.pdf?cid=hub&amp;cid=hub&amp;cid=hub&amp;cid=hub&amp;cid=hub<\/a><\/p>\n<p><\/p>\n\n\n<h2 class=\"wp-block-heading\"><span class=\"ez-toc-section\" id=\"Beitraege_zu_der_AG-Klimanotstand\"><\/span>Beitr\u00e4ge zu \/ der AG-Klimanotstand<span class=\"ez-toc-section-end\"><\/span><\/h2>\n\n\n\n<div class=\"pt-cv-wrapper\"><div class=\"pt-cv-view pt-cv-grid pt-cv-colsys\" id=\"pt-cv-view-8deb7fc9i4\"><div data-id=\"pt-cv-page-1\" class=\"pt-cv-page\" data-cvc=\"2\"><div class=\"col-md-6 col-sm-6 col-xs-12 pt-cv-content-item pt-cv-1-col\" ><div class='pt-cv-ifield'><a href=\"https:\/\/work.boklima.de\/?p=7205\" class=\"_self pt-cv-href-thumbnail pt-cv-thumb-default\" target=\"_self\" ><\/a>\n<h5 class=\"pt-cv-title\"><a href=\"https:\/\/work.boklima.de\/?p=7205\" class=\"_self\" target=\"_self\" >Stadt f\u00f6rdert Dach- und Fassadenbegr\u00fcnungen in Riemke und Hofstede<\/a><\/h5>\n<div class=\"pt-cv-content\">(PresseMittteilung der Stadt Bochum , 19. Januar 2021 ) Stadt f\u00f6rdert Dach- und Fassadenbegr\u00fcnungen in Riemke und Hofstede Um f\u00fcr private Haus- und Wohnungseigent\u00fcmer in Hofstede und Riemke Anreize zur ...<br \/><div class=\"pt-cv-rmwrap\"><a href=\"https:\/\/work.boklima.de\/?p=7205\" class=\"_self pt-cv-readmore btn btn-success\" target=\"_self\">Weiterlesen \u2026<\/a><\/div><\/div><\/div><\/div>\n<div class=\"col-md-6 col-sm-6 col-xs-12 pt-cv-content-item pt-cv-1-col\" ><div class='pt-cv-ifield'><a href=\"https:\/\/work.boklima.de\/?p=5577\" class=\"_self pt-cv-href-thumbnail pt-cv-thumb-default\" target=\"_self\" ><\/a>\n<h5 class=\"pt-cv-title\"><a href=\"https:\/\/work.boklima.de\/?p=5577\" class=\"_self\" target=\"_self\" >TestBeitrag f\u00fcr AG Klimanotstand<\/a><\/h5>\n<div class=\"pt-cv-content\">wie mit steffen abgesprochen sollten solche Beitr\u00e4ge jetzt ganz unten auf der Seite der AG-Klimasnotstand ersscheinen Wichtig : unter Kategorie mind. die Kategorie 'AG KlimaNotStand' anklicken Den Block 'ShortCode' mit ...<br \/><div class=\"pt-cv-rmwrap\"><a href=\"https:\/\/work.boklima.de\/?p=5577\" class=\"_self pt-cv-readmore btn btn-success\" target=\"_self\">Weiterlesen \u2026<\/a><\/div><\/div><\/div><\/div>\n<div class=\"col-md-6 col-sm-6 col-xs-12 pt-cv-content-item pt-cv-1-col\" ><div class='pt-cv-ifield'><a href=\"https:\/\/work.boklima.de\/?p=5278\" class=\"_self pt-cv-href-thumbnail pt-cv-thumb-default\" target=\"_self\" ><\/a>\n<h5 class=\"pt-cv-title\"><a href=\"https:\/\/work.boklima.de\/?p=5278\" class=\"_self\" target=\"_self\" >Mitteilung der Verwaltung Sachstand Klimaschutz in Bochum (08.06.2020)<\/a><\/h5>\n<div class=\"pt-cv-content\">Mitteilung der Verwaltung Vorlage Nr.: 20201325 Status: \u00f6ffentlichDatum: 08.06.2020Verfasser\/in: Dr. Nils Leber \/ Frank FrischFachbereich: Dezernat VIBezeichnung der Vorlage: Sachstand Klimaschutz in BochumBeratungsfolge: Gremien: Sitzungstermin: Zust\u00e4ndigkeit:Haupt- und Finanzausschuss 17.06.2020 KenntnisnahmeRat ...<br \/><div class=\"pt-cv-rmwrap\"><a href=\"https:\/\/work.boklima.de\/?p=5278\" class=\"_self pt-cv-readmore btn btn-success\" target=\"_self\">Weiterlesen \u2026<\/a><\/div><\/div><\/div><\/div>\n<div class=\"col-md-6 col-sm-6 col-xs-12 pt-cv-content-item pt-cv-1-col\" ><div class='pt-cv-ifield'><a href=\"https:\/\/work.boklima.de\/?p=4489\" class=\"_self pt-cv-href-thumbnail pt-cv-thumb-default\" target=\"_self\" ><\/a>\n<h5 class=\"pt-cv-title\"><a href=\"https:\/\/work.boklima.de\/?p=4489\" class=\"_self\" target=\"_self\" >Test-Beitrag der \/ f\u00fcr AG-Klimanotstand<\/a><\/h5>\n<div class=\"pt-cv-content\">hallo dies ist die AG KlimaNOTstand \ud83d\ude42 ...<br \/><div class=\"pt-cv-rmwrap\"><a href=\"https:\/\/work.boklima.de\/?p=4489\" class=\"_self pt-cv-readmore btn btn-success\" target=\"_self\">Weiterlesen \u2026<\/a><\/div><\/div><\/div><\/div><\/div><\/div><\/div>\n\n\n\n<h2 class=\"wp-block-heading\"><span class=\"ez-toc-section\" id=\"Kontakt\"><\/span>Kontakt:<span class=\"ez-toc-section-end\"><\/span><\/h2>\n\n\n\n<p>Steffen Sch\u00fcttler<br>steffen.schuettler@posteo.de<\/p>\n\n\n\n<p>=================<\/p>\n<div id=\"ez-toc-container\" class=\"ez-toc-v2_0_71 counter-hierarchy ez-toc-counter ez-toc-transparent ez-toc-container-direction\">\n<p class=\"ez-toc-title\" style=\"cursor:inherit\">Inhalte dieser Seite :<\/p>\n<label for=\"ez-toc-cssicon-toggle-item-69da145e9f339\" class=\"ez-toc-cssicon-toggle-label\"><span class=\"\"><span class=\"eztoc-hide\" style=\"display:none;\">Toggle<\/span><span class=\"ez-toc-icon-toggle-span\"><svg style=\"fill: #999;color:#999\" xmlns=\"http:\/\/www.w3.org\/2000\/svg\" class=\"list-377408\" width=\"20px\" height=\"20px\" viewBox=\"0 0 24 24\" fill=\"none\"><path d=\"M6 6H4v2h2V6zm14 0H8v2h12V6zM4 11h2v2H4v-2zm16 0H8v2h12v-2zM4 16h2v2H4v-2zm16 0H8v2h12v-2z\" fill=\"currentColor\"><\/path><\/svg><svg style=\"fill: #999;color:#999\" class=\"arrow-unsorted-368013\" xmlns=\"http:\/\/www.w3.org\/2000\/svg\" width=\"10px\" height=\"10px\" viewBox=\"0 0 24 24\" version=\"1.2\" baseProfile=\"tiny\"><path d=\"M18.2 9.3l-6.2-6.3-6.2 6.3c-.2.2-.3.4-.3.7s.1.5.3.7c.2.2.4.3.7.3h11c.3 0 .5-.1.7-.3.2-.2.3-.5.3-.7s-.1-.5-.3-.7zM5.8 14.7l6.2 6.3 6.2-6.3c.2-.2.3-.5.3-.7s-.1-.5-.3-.7c-.2-.2-.4-.3-.7-.3h-11c-.3 0-.5.1-.7.3-.2.2-.3.5-.3.7s.1.5.3.7z\"\/><\/svg><\/span><\/span><\/label><input type=\"checkbox\"  id=\"ez-toc-cssicon-toggle-item-69da145e9f339\" checked aria-label=\"Toggle\" \/><nav><ul class='ez-toc-list ez-toc-list-level-1 ' ><li class='ez-toc-page-1 ez-toc-heading-level-2'><a class=\"ez-toc-link ez-toc-heading-1\" href=\"https:\/\/work.boklima.de\/?page_id=4483\/#Betreuer_Treffen\" title=\"Betreuer \/ Treffen :\">Betreuer \/ Treffen :<\/a><\/li><li class='ez-toc-page-1 ez-toc-heading-level-2'><a class=\"ez-toc-link ez-toc-heading-2\" href=\"https:\/\/work.boklima.de\/?page_id=4483\/#Sachstand_Klimaschutz_in_Bochum_Stand_14962020\" title=\"Sachstand Klimaschutz in Bochum Stand 14.96.2020\">Sachstand Klimaschutz in Bochum Stand 14.96.2020<\/a><\/li><li class='ez-toc-page-1 ez-toc-heading-level-2'><a class=\"ez-toc-link ez-toc-heading-3\" href=\"https:\/\/work.boklima.de\/?page_id=4483\/#Aufgaben_Ziele_der_AG_Klimanotstand\" title=\"Aufgaben \/ Ziele der AG Klimanotstand\">Aufgaben \/ Ziele der AG Klimanotstand<\/a><\/li><li class='ez-toc-page-1 ez-toc-heading-level-2'><a class=\"ez-toc-link ez-toc-heading-4\" href=\"https:\/\/work.boklima.de\/?page_id=4483\/#Uebersicht_zur_Gesetzgebung_auf_kommunaler_Ebene\" title=\"\u00dcbersicht zur Gesetzgebung auf kommunaler Ebene\">\u00dcbersicht zur Gesetzgebung auf kommunaler Ebene<\/a><\/li><li class='ez-toc-page-1 ez-toc-heading-level-2'><a class=\"ez-toc-link ez-toc-heading-5\" href=\"https:\/\/work.boklima.de\/?page_id=4483\/#Zeitliche_Entwicklung_des_Klimanotstandes_im_Rat_der_Stadt_Bochum\" title=\"Zeitliche Entwicklung des Klimanotstandes im Rat der Stadt Bochum\">Zeitliche Entwicklung des Klimanotstandes im Rat der Stadt Bochum<\/a><\/li><li class='ez-toc-page-1 ez-toc-heading-level-2'><a class=\"ez-toc-link ez-toc-heading-6\" href=\"https:\/\/work.boklima.de\/?page_id=4483\/#Antrag_von_SPD_Die_Gruenen_basierend_auf_dem_Klimanotstand\" title=\"Antrag von SPD &amp; Die Gr\u00fcnen basierend auf dem Klimanotstand\">Antrag von SPD &amp; Die Gr\u00fcnen basierend auf dem Klimanotstand<\/a><\/li><li class='ez-toc-page-1 ez-toc-heading-level-2'><a class=\"ez-toc-link ez-toc-heading-7\" href=\"https:\/\/work.boklima.de\/?page_id=4483\/#Anfrage_der_FDP_Stadtgestalter_zur_Umsetzung_der_Massnahmen_aus_den_Klimaschutzkonzepten\" title=\"Anfrage der FDP &amp; Stadtgestalter zur Umsetzung der Ma\u00dfnahmen aus den Klimaschutzkonzepten\">Anfrage der FDP &amp; Stadtgestalter zur Umsetzung der Ma\u00dfnahmen aus den Klimaschutzkonzepten<\/a><ul class='ez-toc-list-level-3' ><li class='ez-toc-heading-level-3'><a class=\"ez-toc-link ez-toc-heading-8\" href=\"https:\/\/work.boklima.de\/?page_id=4483\/#Externe_Links_zum_Ratsinformationssystem\" title=\"Externe Links zum Ratsinformationssystem\">Externe Links zum Ratsinformationssystem<\/a><\/li><\/ul><\/li><li class='ez-toc-page-1 ez-toc-heading-level-2'><a class=\"ez-toc-link ez-toc-heading-9\" href=\"https:\/\/work.boklima.de\/?page_id=4483\/#Orientierungshilfe_des_Deutschen_Staedtetages\" title=\"Orientierungshilfe des Deutschen St\u00e4dtetages:\">Orientierungshilfe des Deutschen St\u00e4dtetages:<\/a><\/li><li class='ez-toc-page-1 ez-toc-heading-level-2'><a class=\"ez-toc-link ez-toc-heading-10\" href=\"https:\/\/work.boklima.de\/?page_id=4483\/#Beitraege_zu_der_AG-Klimanotstand\" title=\"Beitr\u00e4ge zu \/ der AG-Klimanotstand\">Beitr\u00e4ge zu \/ der AG-Klimanotstand<\/a><\/li><li class='ez-toc-page-1 ez-toc-heading-level-2'><a class=\"ez-toc-link ez-toc-heading-11\" href=\"https:\/\/work.boklima.de\/?page_id=4483\/#Kontakt\" title=\"Kontakt:\">Kontakt:<\/a><\/li><\/ul><\/nav><\/div>\n","protected":false},"excerpt":{"rendered":"<p>Betreuer \/ Treffen : Philipp Niewiera, David Piorunek und Steffen Sch\u00fcttler Regelm\u00e4\u00dfiger Austausch durch Telefonate. Bei Interesse und Nachfragen einfach eine Mail an steffen.schuettler@posteo.de Sachstand Klimaschutz in BochumStand 14.96.2020 Die Stadt Bochum hat einen Sachstand zum Thema Klimaschutz in Bochum zum einj\u00e4hrigen Jubil\u00e4um des Klimanotstands ver\u00f6ffentlicht. Dieser kann im Ratsinformationssystem eingesehen werden:https:\/\/session.bochum.de\/bi\/vo0050.asp?__kvonr=7077505 Die AG Klimanotstand [&hellip;]<\/p>\n","protected":false},"author":8,"featured_media":0,"parent":25,"menu_order":1,"comment_status":"closed","ping_status":"closed","template":"","meta":{"ngg_post_thumbnail":0,"_mc_calendar":[],"footnotes":""},"class_list":["post-4483","page","type-page","status-publish","hentry"],"_links":{"self":[{"href":"https:\/\/work.boklima.de\/index.php?rest_route=\/wp\/v2\/pages\/4483","targetHints":{"allow":["GET"]}}],"collection":[{"href":"https:\/\/work.boklima.de\/index.php?rest_route=\/wp\/v2\/pages"}],"about":[{"href":"https:\/\/work.boklima.de\/index.php?rest_route=\/wp\/v2\/types\/page"}],"author":[{"embeddable":true,"href":"https:\/\/work.boklima.de\/index.php?rest_route=\/wp\/v2\/users\/8"}],"replies":[{"embeddable":true,"href":"https:\/\/work.boklima.de\/index.php?rest_route=%2Fwp%2Fv2%2Fcomments&post=4483"}],"version-history":[{"count":10,"href":"https:\/\/work.boklima.de\/index.php?rest_route=\/wp\/v2\/pages\/4483\/revisions"}],"predecessor-version":[{"id":6009,"href":"https:\/\/work.boklima.de\/index.php?rest_route=\/wp\/v2\/pages\/4483\/revisions\/6009"}],"up":[{"embeddable":true,"href":"https:\/\/work.boklima.de\/index.php?rest_route=\/wp\/v2\/pages\/25"}],"wp:attachment":[{"href":"https:\/\/work.boklima.de\/index.php?rest_route=%2Fwp%2Fv2%2Fmedia&parent=4483"}],"curies":[{"name":"wp","href":"https:\/\/api.w.org\/{rel}","templated":true}]}}