{"id":4135,"date":"2020-03-10T13:21:36","date_gmt":"2020-03-10T12:21:36","guid":{"rendered":"http:\/\/boklima.de\/?page_id=4135"},"modified":"2022-07-07T10:50:50","modified_gmt":"2022-07-07T08:50:50","slug":"bochumer-initiativen-2","status":"publish","type":"page","link":"https:\/\/work.boklima.de\/?page_id=4135","title":{"rendered":"BoKlima-Unterst\u00fctzer  \/ unterst\u00fctzende Initiativen"},"content":{"rendered":"\n<p>Diese Liste wird kontinuierlich fortgeschrieben und gibt einen \u00dcberblick \u00fcber die breite Unterst\u00fctzung von  Initiativen und Verb\u00e4nden etc. des Bochumer Klimaschutzb\u00fcndnisses  <strong>BoKlima<\/strong> :<\/p>\n\n\n\n<h2 class=\"wp-block-heading\">Bochumer Initiativen<\/h2>\n\n\n\n<p> <\/p>\n\n\n\n<figure class=\"wp-block-table is-style-stripes\"><table><tbody><tr><td>AkU<br>Arbeitskreis Umweltschutz Bochum)<\/td><td><\/td><td><a href=\"http:\/\/www.aku-bochum.de\">www.aku-bochum.de<\/a><\/td><td><br><img loading=\"lazy\" decoding=\"async\" width=\"150\" height=\"19\" class=\"wp-image-5916\" style=\"width: 150px;\" src=\"https:\/\/work.boklima.de\/wp-content\/uploads\/2020\/09\/akulogo2011.png\" alt=\"\" srcset=\"https:\/\/work.boklima.de\/wp-content\/uploads\/2020\/09\/akulogo2011.png 479w, https:\/\/work.boklima.de\/wp-content\/uploads\/2020\/09\/akulogo2011-300x38.png 300w\" sizes=\"auto, (max-width: 150px) 100vw, 150px\" \/><\/td><\/tr><tr><td>Bochum muss Handeln <br>(Kampagne) <\/td><td><\/td><td><a href=\"https:\/\/bochum-muss-handeln.de\/\" target=\"_blank\" rel=\"noreferrer noopener\">https:\/\/bochum-muss-handeln.de\/<\/a><\/td><td><img loading=\"lazy\" decoding=\"async\" width=\"150\" height=\"150\" class=\"wp-image-5917\" style=\"width: 150px;\" src=\"https:\/\/work.boklima.de\/wp-content\/uploads\/2020\/09\/bmh-logo-bunt.png\" alt=\"\" srcset=\"https:\/\/work.boklima.de\/wp-content\/uploads\/2020\/09\/bmh-logo-bunt.png 227w, https:\/\/work.boklima.de\/wp-content\/uploads\/2020\/09\/bmh-logo-bunt-150x150.png 150w\" sizes=\"auto, (max-width: 150px) 100vw, 150px\" \/><\/td><\/tr><tr><td>B\u00fcrgerinitiative Gerthe West \u2013 so nicht! <br><\/td><td><\/td><td><a rel=\"noreferrer noopener\" href=\"https:\/\/gerthe-west-so-nicht.de\/\" target=\"_blank\">www.gerthe-west-so-nicht.de<\/a><\/td><td><\/td><\/tr><tr><td>B\u00fcrgerinitiative WernerFeld <\/td><td><\/td><td><a rel=\"noreferrer noopener\" href=\"http:\/\/www.wernerfeld.de\/\" target=\"_blank\">www.wernerfeld.de<\/a><\/td><td><\/td><\/tr><tr><td>BUND<br>Bund f\u00fcr Umwelt und Naturschutz Deutschland<\/td><td><\/td><td><a href=\"https:\/\/www.bund-bochum.de\" target=\"_blank\" rel=\"noreferrer noopener\" aria-label=\"www.bund-bochum.de (\u00f6ffnet in neuem Tab)\">www.bund-bochum.de<\/a><\/td><td><\/td><\/tr><tr><td>Fridays For Future (FFF) &#8211; Bochum<\/td><td><\/td><td><a rel=\"noreferrer noopener\" href=\"https:\/\/ffftre.es\/fff%20bochum%20linktree\" target=\"_blank\">https:\/\/ffftre.es\/fff%20bochum%20linktree<\/a><\/td><td><\/td><\/tr><tr><td>Greenpeace Bochum<\/td><td><\/td><td><a href=\"https:\/\/www.bochum.greenpeace.de\" target=\"_blank\" rel=\"noreferrer noopener\" aria-label=\"www.bochum.greenpeace.de (\u00f6ffnet in neuem Tab)\">www.bochum.greenpeace.de<\/a><\/td><td><\/td><\/tr><tr><td>NABU<br>Stadtverband Bochum<\/td><td><\/td><td><a href=\"https:\/\/www.nabu-bochum.de\" target=\"_blank\" rel=\"noreferrer noopener\" aria-label=\"www.nabu-bochum.de (\u00f6ffnet in neuem Tab)\">www.nabu-bochum.de<\/a><\/td><td><\/td><\/tr><tr><td>S4F<br>Scientists for Future Bochum<\/td><td><\/td><td>www.??<\/td><td><\/td><\/tr><tr><td>Stadt f\u00fcr Alle <\/td><td><\/td><td><a rel=\"noreferrer noopener\" href=\"https:\/\/www.stadt-fuer-alle-bochum.net\/\" target=\"_blank\">www.stadt-fuer-alle-bochum.net\/<\/a> <\/td><td><\/td><\/tr><tr><td>Netzwerk f\u00fcr b\u00fcrgernahe Stadtentwicklung<\/td><td><\/td><td><a href=\"http:\/\/www.stadtentwicklung.net\">ww<\/a><a rel=\"noreferrer noopener\" aria-label=\"w.stadtentwicklung.net (\u00f6ffnet in neuem Tab)\" href=\"http:\/\/www.stadtentwicklung.net\" target=\"_blank\">w.stadtentwicklung.net<\/a><\/td><td><\/td><\/tr><tr><td>VCD <\/td><td><\/td><td><a href=\"https:\/\/nrw.vcd.org\/der-vcd-in-nrw\/bochum-gelsenkirchen-herne\/\">https:\/\/nrw.vcd.org\/der-vcd-in-nrw\/bochum-gelsenkirchen-herne\/<\/a><\/td><td><\/td><\/tr><tr><td>XR<br>Extinction Rebellion<\/td><td><\/td><td> <a href=\"http:\/\/www.extinctionrebellion.de\/og\/bochum\/\">www.extinctionrebellion.de\/og\/bochum\/<\/a><\/td><td><\/td><\/tr><tr><td><\/td><td><\/td><td><\/td><td><\/td><\/tr><\/tbody><\/table><\/figure>\n\n\n\n<p><\/p>\n\n\n\n<h2 class=\"wp-block-heading\">Assoziierte Gruppen als Projekte bei &#8216;wachstumswende.de&#8217;<\/h2>\n\n\n\n<figure class=\"wp-block-table aligncenter is-style-stripes\"><table><thead><tr><th><\/th><th><\/th><\/tr><\/thead><tbody><tr><td>Name <\/td><td>Link<\/td><\/tr><tr><td>GRAS Bochum<\/td><td>https:\/\/wachstumswende.de\/project\/gras-bochum\/<br><a rel=\"noreferrer noopener\" href=\"http:\/\/www.gras-bochum.de\" target=\"_blank\">http:\/\/www.gras-bochum.de<\/a><\/td><\/tr><tr><td>Radwende Bochum<\/td><td>https:\/\/wachstumswende.de\/project\/radwende-bochum\/<\/td><\/tr><tr><td>FFF Bochum<\/td><td>https:\/\/wachstumswende.de\/project\/fff-bochum\/<\/td><\/tr><tr><td>Parents for Future Bochum<\/td><td>https:\/\/wachstumswende.de\/project\/parents-for-future-bochum\/<\/td><\/tr><tr><td><a rel=\"noreferrer noopener\" href=\"https:\/\/wachstumswende.de\/project\/students-for-future-bochum\/\" target=\"_blank\">Students for Future Bochum<\/a><\/td><td>https:\/\/wachstumswende.de\/project\/students-for-future-bochum\/<\/td><\/tr><tr><td><a rel=\"noreferrer noopener\" href=\"https:\/\/wachstumswende.de\/project\/bochum-for-future\/\" target=\"_blank\">Bochum for Future<\/a> <\/td><td>https:\/\/wachstumswende.de\/project\/bochum-for-future\/<\/td><\/tr><tr><td><a rel=\"noreferrer noopener\" href=\"https:\/\/wachstumswende.de\/project\/artists-4-future-bochum\/\" target=\"_blank\">Artists 4 Future Bochum<\/a><\/td><td>https:\/\/wachstumswende.de\/project\/artists-4-future-bochum\/<\/td><\/tr><tr><td><a rel=\"noreferrer noopener\" href=\"https:\/\/wachstumswende.de\/project\/attac-occupy-bochum\/\" target=\"_blank\">attac + occupy Bochum<\/a><\/td><td>https:\/\/wachstumswende.de\/project\/attac-occupy-bochum\/microsite\/?join=1<\/td><\/tr><tr><td><a rel=\"noreferrer noopener\" href=\"https:\/\/wachstumswende.de\/project\/scientists-4-future-bochum\/\" target=\"_blank\">Scientists 4 Future Bochum<\/a><\/td><td>https:\/\/wachstumswende.de\/project\/scientists-4-future-bochum\/<\/td><\/tr><tr><td><\/td><td><\/td><\/tr><\/tbody><\/table><\/figure>\n","protected":false},"excerpt":{"rendered":"<p>Diese Liste wird kontinuierlich fortgeschrieben und gibt einen \u00dcberblick \u00fcber die breite Unterst\u00fctzung von Initiativen und Verb\u00e4nden etc. des Bochumer Klimaschutzb\u00fcndnisses BoKlima : Bochumer Initiativen AkUArbeitskreis Umweltschutz Bochum) www.aku-bochum.de Bochum muss Handeln (Kampagne) https:\/\/bochum-muss-handeln.de\/ B\u00fcrgerinitiative Gerthe West \u2013 so nicht! www.gerthe-west-so-nicht.de B\u00fcrgerinitiative WernerFeld www.wernerfeld.de BUNDBund f\u00fcr Umwelt und Naturschutz Deutschland www.bund-bochum.de Fridays For Future (FFF) [&hellip;]<\/p>\n","protected":false},"author":2,"featured_media":0,"parent":3005,"menu_order":2,"comment_status":"closed","ping_status":"closed","template":"","meta":{"ngg_post_thumbnail":0,"_mc_calendar":[],"footnotes":""},"class_list":["post-4135","page","type-page","status-publish","hentry"],"_links":{"self":[{"href":"https:\/\/work.boklima.de\/index.php?rest_route=\/wp\/v2\/pages\/4135","targetHints":{"allow":["GET"]}}],"collection":[{"href":"https:\/\/work.boklima.de\/index.php?rest_route=\/wp\/v2\/pages"}],"about":[{"href":"https:\/\/work.boklima.de\/index.php?rest_route=\/wp\/v2\/types\/page"}],"author":[{"embeddable":true,"href":"https:\/\/work.boklima.de\/index.php?rest_route=\/wp\/v2\/users\/2"}],"replies":[{"embeddable":true,"href":"https:\/\/work.boklima.de\/index.php?rest_route=%2Fwp%2Fv2%2Fcomments&post=4135"}],"version-history":[{"count":8,"href":"https:\/\/work.boklima.de\/index.php?rest_route=\/wp\/v2\/pages\/4135\/revisions"}],"predecessor-version":[{"id":12031,"href":"https:\/\/work.boklima.de\/index.php?rest_route=\/wp\/v2\/pages\/4135\/revisions\/12031"}],"up":[{"embeddable":true,"href":"https:\/\/work.boklima.de\/index.php?rest_route=\/wp\/v2\/pages\/3005"}],"wp:attachment":[{"href":"https:\/\/work.boklima.de\/index.php?rest_route=%2Fwp%2Fv2%2Fmedia&parent=4135"}],"curies":[{"name":"wp","href":"https:\/\/api.w.org\/{rel}","templated":true}]}}