{"id":13,"date":"2019-04-13T00:02:50","date_gmt":"2019-04-13T00:02:50","guid":{"rendered":"http:\/\/stadtentwicklung-intern.net\/?page_id=13"},"modified":"2020-01-27T19:07:54","modified_gmt":"2020-01-27T18:07:54","slug":"register","status":"publish","type":"page","link":"https:\/\/work.boklima.de\/?page_id=13","title":{"rendered":"Registrieren"},"content":{"rendered":"\n<p><strong>HINWEIS<\/strong> : <\/p>\n\n\n\n<ul class=\"wp-block-list\"><li>verpflichtende Angaben sind : Username , E-Mail-Adresse , Vorname  , Passwort (mit Best\u00e4tigung) :<ul><li><em>Username<\/em> : Wunschname innerhalb der Site (Buchstaben  , Ziffern , &#8216;-&#8216;  ,  &#8216;_&#8217;), mindestens 3 , h\u00f6chstens 10 ,<\/li><li><em>E-Mail-Adresse<\/em> : eine existierende und dem netzwerk bekannte E-Mail-Adresse,<\/li><li><em>Vorname<\/em> : Dein den Mitarbeitern \/ Mitgliedern bekannter Vorname ,<\/li><li><em>Passwort<\/em> : Es  muss aus klein- u Gro\u00df-Buchstaben sowie Ziffern und Sonderzeichen ( . &#8211; # $ + ) bestehen <\/li><\/ul><\/li><li>Alle anderen Angaben sind freiwillig und dienen lediglich der Kommunikation innerhalb der Gruppe \/  des &#8216;Netzwerks B\u00fcrgerbeteiligung&#8217; <\/li><\/ul>\n\n\n\n<p>Bitte folgende Felder ausf\u00fcllen : <\/p>\n\n\n\n<div class=\"um um-register um-20\">\n\t<div class=\"um-form\" data-mode=\"register\">\n\t\t<form method=\"post\" action=\"\">\n\t\t\t<div class=\"um-row _um_row_1  um-customized-row\" style=\"padding: 3px 3px 3px 3px;background-color: #d4e2c9;margin: 0px 0px 30px 0px;border-width: 3px 3px 3px 3px;border-style: solid;border-color: #000000;border-radius: 5px;color: #303030 !important;\"><div class=\"um-col-1\"><div  id=\"um_field_20_user_login\" class=\"um-field um-field-text  um-field-user_login um-field-text um-field-type_text\" data-key=\"user_login\"><div class=\"um-field-label\"><label for=\"user_login-20\">Benutzername<span class=\"um-req\" title=\"Erforderlich\">*<\/span><\/label><div class=\"um-clear\"><\/div><\/div><div class=\"um-field-area\"><input  autocomplete=\"off\" class=\"um-form-field valid \" type=\"text\" name=\"user_login-20\" id=\"user_login-20\" value=\"\" placeholder=\"\" data-validate=\"unique_username\" data-key=\"user_login\"  aria-invalid=\"false\" \/>\n\n\t\t\t\t\t\t<\/div><\/div><div  id=\"um_field_20_user_email\" class=\"um-field um-field-text  um-field-user_email um-field-text um-field-type_text\" data-key=\"user_email\"><div class=\"um-field-label\"><label for=\"user_email-20\">E-Mail-Adresse<span class=\"um-req\" title=\"Erforderlich\">*<\/span><\/label><div class=\"um-clear\"><\/div><\/div><div class=\"um-field-area\"><input  autocomplete=\"off\" class=\"um-form-field valid \" type=\"text\" name=\"user_email-20\" id=\"user_email-20\" value=\"\" placeholder=\"\" data-validate=\"unique_email\" data-key=\"user_email\"  aria-invalid=\"false\" \/>\n\n\t\t\t\t\t\t<\/div><\/div><div  id=\"um_field_20_user_password\" class=\"um-field um-field-password  um-field-user_password um-field-password um-field-type_password\" data-key=\"user_password\"><div class=\"um-field-label\"><label for=\"user_password-20\">Passwort<span class=\"um-req\" title=\"Erforderlich\">*<\/span><\/label><div class=\"um-clear\"><\/div><\/div><div class=\"um-field-area\"><input class=\"um-form-field valid \" type=\"password\" name=\"user_password-20\" id=\"user_password-20\" value=\"\" placeholder=\"\" data-validate=\"\" data-key=\"user_password\"  aria-invalid=\"false\" \/>\n\n\t\t\t\t\t\t\t<\/div><\/div><div  id=\"um_field_20_confirm_user_password\" class=\"um-field um-field-password  um-field-user_password um-field-password um-field-type_password\" data-key=\"confirm_user_password\"><div class=\"um-field-label\"><label for=\"confirm_user_password-20\">Passwort best\u00e4tigen<span class=\"um-req\" title=\"Erforderlich\">*<\/span><\/label><div class=\"um-clear\"><\/div><\/div><div class=\"um-field-area\"><input class=\"um-form-field valid \" type=\"password\" name=\"confirm_user_password-20\" id=\"confirm_user_password-20\" value=\"\" placeholder=\"Passwort best\u00e4tigen\" data-validate=\"\" data-key=\"confirm_user_password\"  aria-invalid=\"false\" \/><\/div><\/div><div  id=\"um_field_20_ags\" class=\"um-field um-field-multiselect  um-field-ags um-field-multiselect um-field-type_multiselect\" data-key=\"ags\"><div class=\"um-field-label\"><div class=\"um-field-label-icon\"><i class=\"um-icon-checkmark\" aria-label=\"ArbeitsGruppen\"><\/i><\/div><label for=\"ags-20\">ArbeitsGruppen<\/label><span class=\"um-tip um-tip-w\" title=\"In Welchen AG&#039;s beteiligst Du Dich ?\"><i class=\"um-icon-help-circled\"><\/i><\/span><div class=\"um-clear\"><\/div><\/div><div class=\"um-field-area  \"><select   multiple=\"multiple\" name=\"ags[]\" id=\"ags\" data-maxsize=\"0\" data-validate=\"\" data-key=\"ags\" class=\"um-form-field valid not-required um-s1 \" style=\"width: 100%\" data-placeholder=\"Bitte ausw\u00e4hlen\"  aria-invalid=\"false\" ><option value=\"\"><\/option><option value=\"AG \u00d6PNV\" >AG \u00d6PNV<\/option><option value=\"AG \u00d6kostrom\" >AG \u00d6kostrom<\/option><option value=\"AG Geb\u00fchren\" >AG Geb\u00fchren<\/option><option value=\"AG Klimanotstand\" >AG Klimanotstand<\/option><option value=\"AG Bildungsma\u00dfnahmen\" >AG Bildungsma\u00dfnahmen<\/option><option value=\"AG xxx\" >AG xxx<\/option><option value=\"AG \u00d6ffiArbeit\" >AG \u00d6ffiArbeit<\/option><\/select><\/div><\/div><\/div><\/div><div class=\"um-row _um_row_2  um-customized-row\" style=\"padding: 3px 3px 3px 3px;background-color: #d4e2c9;margin: 0px 0px 30px 0px;border-width: 3px 3px 3px 3px;border-style: solid;border-color: #000000;border-radius: 5px;color: #303030 !important;\"><div class=\"um-col-1\"><div  id=\"um_field_20_first_name\" class=\"um-field um-field-text  um-field-first_name um-field-text um-field-type_text\" data-key=\"first_name\"><div class=\"um-field-label\"><label for=\"first_name-20\">Vorname<span class=\"um-req\" title=\"Erforderlich\">*<\/span><\/label><div class=\"um-clear\"><\/div><\/div><div class=\"um-field-area\"><input  autocomplete=\"off\" class=\"um-form-field valid \" type=\"text\" name=\"first_name-20\" id=\"first_name-20\" value=\"\" placeholder=\"\" data-validate=\"\" data-key=\"first_name\"  aria-invalid=\"false\" \/>\n\n\t\t\t\t\t\t<\/div><\/div><div  id=\"um_field_20_last_name\" class=\"um-field um-field-text  um-field-last_name um-field-text um-field-type_text\" data-key=\"last_name\"><div class=\"um-field-label\"><label for=\"last_name-20\">Nachname<\/label><div class=\"um-clear\"><\/div><\/div><div class=\"um-field-area\"><input  autocomplete=\"off\" class=\"um-form-field valid \" type=\"text\" name=\"last_name-20\" id=\"last_name-20\" value=\"\" placeholder=\"\" data-validate=\"\" data-key=\"last_name\"  aria-invalid=\"false\" \/>\n\n\t\t\t\t\t\t<\/div><\/div><div  id=\"um_field_20_phone_number\" class=\"um-field um-field-tel  um-field-phone_number um-field-tel um-field-type_tel\" data-key=\"phone_number\"><div class=\"um-field-label\"><div class=\"um-field-label-icon\"><i class=\"um-faicon-phone\" aria-label=\"Telefonnummer\"><\/i><\/div><label for=\"phone_number-20\">Telefonnummer<\/label><div class=\"um-clear\"><\/div><\/div><div class=\"um-field-area\"><input  autocomplete=\"off\" class=\"um-form-field valid \" type=\"tel\" name=\"phone_number-20\" id=\"phone_number-20\" value=\"\" placeholder=\"\" data-validate=\"phone_number\" data-key=\"phone_number\"  aria-invalid=\"false\" \/>\n\n\t\t\t\t\t\t<\/div><\/div><div  id=\"um_field_20_mobile_number\" class=\"um-field um-field-tel  um-field-mobile_number um-field-tel um-field-type_tel\" data-key=\"mobile_number\"><div class=\"um-field-label\"><div class=\"um-field-label-icon\"><i class=\"um-faicon-mobile\" aria-label=\"Mobilnummer\"><\/i><\/div><label for=\"mobile_number-20\">Mobilnummer<\/label><div class=\"um-clear\"><\/div><\/div><div class=\"um-field-area\"><input  autocomplete=\"off\" class=\"um-form-field valid \" type=\"tel\" name=\"mobile_number-20\" id=\"mobile_number-20\" value=\"\" placeholder=\"\" data-validate=\"phone_number\" data-key=\"mobile_number\"  aria-invalid=\"false\" \/>\n\n\t\t\t\t\t\t<\/div><\/div><\/div><div class=\"um-col-1\"><div  id=\"um_field_20_adresse\" class=\"um-field um-field-text  um-field-adresse um-field-text um-field-type_text\" data-key=\"adresse\"><div class=\"um-field-label\"><div class=\"um-field-label-icon\"><i class=\"um-icon-android-mail\" aria-label=\"Adresse (Strasse, Nr, PLZ, Stadt)\"><\/i><\/div><label for=\"adresse-20\">Adresse (Strasse, Nr, PLZ, Stadt)<\/label><div class=\"um-clear\"><\/div><\/div><div class=\"um-field-area\"><input  autocomplete=\"off\" class=\"um-form-field valid not-required \" type=\"text\" name=\"adresse-20\" id=\"adresse-20\" value=\"\" placeholder=\"\" data-validate=\"\" data-key=\"adresse\"  aria-invalid=\"false\" \/>\n\n\t\t\t\t\t\t<\/div><\/div><div  id=\"um_field_20_vonini\" class=\"um-field um-field-text  um-field-vonini um-field-text um-field-type_text\" data-key=\"vonini\"><div class=\"um-field-label\"><label for=\"vonini-20\">Von Initiative<\/label><div class=\"um-clear\"><\/div><\/div><div class=\"um-field-area\"><input  autocomplete=\"off\" class=\"um-form-field valid not-required \" type=\"text\" name=\"vonini-20\" id=\"vonini-20\" value=\"\" placeholder=\"\" data-validate=\"\" data-key=\"vonini\"  aria-invalid=\"false\" \/>\n\n\t\t\t\t\t\t<\/div><\/div><div  id=\"um_field_20_urlini\" class=\"um-field um-field-url  um-field-urlini um-field-url um-field-type_url\" data-key=\"urlini\"><div class=\"um-field-label\"><div class=\"um-field-label-icon\"><i class=\"um-icon-fork-repo\" aria-label=\"URL der Ini\"><\/i><\/div><label for=\"urlini-20\">URL der Ini<\/label><div class=\"um-clear\"><\/div><\/div><div class=\"um-field-area\"><input    class=\"um-form-field valid not-required \" type=\"text\" name=\"urlini-20\" id=\"urlini-20\" value=\"\" placeholder=\"\" data-validate=\"\" data-key=\"urlini\"  aria-invalid=\"false\" \/>\n\n\t\t\t\t\t\t<\/div><\/div><\/div><\/div>\n<!-- This file should primarily consist of HTML with a little bit of PHP. -->\n<div class=\"um-field um-field-type_terms_conditions\" data-key=\"use_terms_conditions_agreement\" style=\"display:block;padding:0;\">\n\t<div class=\"um-field-area\">\n\t\t<div class=\"um-gdpr-content\" style=\"display:none;\">\n\t\t\t\n<h2 class=\"wp-block-heading\"><span class=\"ez-toc-section\" id=\"Verpflichtung_auf_den_Datenschutz\"><\/span>Verpflichtung auf den Datenschutz<span class=\"ez-toc-section-end\"><\/span><\/h2>\n\n\n\n<p>Mit der Nutzung dieser nur f\u00fcr registrierte Mitglieder des <em>Bochumer Klimaschutz-B\u00fcndnisses ( https:\/\/work.boklima.de  ) <\/em> bestimmten Internetseite stimmt der Nutzer den folgenden Nutzungsbedingungen  zu:<\/p>\n\n\n\n<ul class=\"wp-block-list\"><li>Personenbezogene Daten der Nutzer dieser Seite d\u00fcrfen <strong>nicht<\/strong> an Dritte weiter gegeben werden. (Ausnahme: der betroffene Nutzer stimmt der Weitergabe ausdr\u00fccklich und nachweislich zu.)<\/li><li>Alle Inhalte dieser Seite, die erst nach Registrierung eines neuen Mitglieds oder nach Anmeldung eines bereits registrierten Mitglieds einsehbar sind, sind vertraulich zu behandeln und d\u00fcrfen <strong>nicht<\/strong> an Dritte weiter gegeben werden.<\/li><li>Benutzernamen und Passw\u00f6rter sind vor dem Zugriff Dritter zu sch\u00fctzen.<\/li><\/ul>\n\n\n\n<p class=\"has-text-align-right\">Stand: 30.01.2020<\/p>\n<div id=\"ez-toc-container\" class=\"ez-toc-v2_0_71 counter-hierarchy ez-toc-counter ez-toc-transparent ez-toc-container-direction\">\n<p class=\"ez-toc-title\" style=\"cursor:inherit\">Inhalte dieser Seite :<\/p>\n<label for=\"ez-toc-cssicon-toggle-item-69da47ecc65ed\" class=\"ez-toc-cssicon-toggle-label\"><span class=\"\"><span class=\"eztoc-hide\" style=\"display:none;\">Toggle<\/span><span class=\"ez-toc-icon-toggle-span\"><svg style=\"fill: #999;color:#999\" xmlns=\"http:\/\/www.w3.org\/2000\/svg\" class=\"list-377408\" width=\"20px\" height=\"20px\" viewBox=\"0 0 24 24\" fill=\"none\"><path d=\"M6 6H4v2h2V6zm14 0H8v2h12V6zM4 11h2v2H4v-2zm16 0H8v2h12v-2zM4 16h2v2H4v-2zm16 0H8v2h12v-2z\" fill=\"currentColor\"><\/path><\/svg><svg style=\"fill: #999;color:#999\" class=\"arrow-unsorted-368013\" xmlns=\"http:\/\/www.w3.org\/2000\/svg\" width=\"10px\" height=\"10px\" viewBox=\"0 0 24 24\" version=\"1.2\" baseProfile=\"tiny\"><path d=\"M18.2 9.3l-6.2-6.3-6.2 6.3c-.2.2-.3.4-.3.7s.1.5.3.7c.2.2.4.3.7.3h11c.3 0 .5-.1.7-.3.2-.2.3-.5.3-.7s-.1-.5-.3-.7zM5.8 14.7l6.2 6.3 6.2-6.3c.2-.2.3-.5.3-.7s-.1-.5-.3-.7c-.2-.2-.4-.3-.7-.3h-11c-.3 0-.5.1-.7.3-.2.2-.3.5-.3.7s.1.5.3.7z\"\/><\/svg><\/span><\/span><\/label><input type=\"checkbox\"  id=\"ez-toc-cssicon-toggle-item-69da47ecc65ed\" checked aria-label=\"Toggle\" \/><nav><ul class='ez-toc-list ez-toc-list-level-1 ' ><li class='ez-toc-page-1 ez-toc-heading-level-2'><a class=\"ez-toc-link ez-toc-heading-1\" href=\"https:\/\/work.boklima.de\/?page_id=13\/#Verpflichtung_auf_den_Datenschutz\" title=\"Verpflichtung auf den Datenschutz\">Verpflichtung auf den Datenschutz<\/a><\/li><li class='ez-toc-page-1 ez-toc-heading-level-2'><a class=\"ez-toc-link ez-toc-heading-2\" href=\"https:\/\/work.boklima.de\/?page_id=13\/#Nutzungsbedingungen\" title=\"Nutzungsbedingungen\">Nutzungsbedingungen<\/a><ul class='ez-toc-list-level-3' ><li class='ez-toc-heading-level-3'><a class=\"ez-toc-link ez-toc-heading-3\" href=\"https:\/\/work.boklima.de\/?page_id=13\/#Verpflichtung_auf_den_Datenschutz-2\" title=\"Verpflichtung auf den Datenschutz\">Verpflichtung auf den Datenschutz<\/a><\/li><\/ul><\/li><\/ul><\/nav><\/div>\n\t\t<\/div>\n\n\t\t\n\t\t<a href=\"javascript:void(0);\" class=\"um-toggle-gdpr\" data-toggle-state=\"hidden\"\n\t\t   data-toggle-show=\"Nutzungsbedingungen aufklappen\"\n\t\t   data-toggle-hide=\"Nutzungsbedingungen einklappen\">\n\t\t\tNutzungsbedingungen aufklappen\t\t<\/a>\n\t<\/div>\n\t<div class=\"um-field-area\">\n\n\t\t\n\t\t<label class=\"um-field-checkbox\">\n\t\t\t<input type=\"checkbox\" name=\"use_gdpr_agreement\" value=\"1\">\n\t\t\t<span class=\"um-field-checkbox-state\"><i class=\"um-icon-android-checkbox-outline-blank\"><\/i><\/span>\n\t\t\t<span class=\"um-field-checkbox-option\">Bitte best\u00e4tige , dass Du den Nutzungsbedingungen akzeptierst und diesen zustimmst<\/span>\n\t\t<\/label>\n\t\t<div class=\"um-clear\"><\/div>\n\n\t\t\n\t\t<div class=\"um-clear\"><\/div>\n\t<\/div>\n<\/div>\n\t\t<input type=\"hidden\" name=\"form_id\" id=\"form_id_20\" value=\"20\" \/>\n\t\n\t<p class=\"um_request_name\">\n\t\t<label for=\"um_request_20\">Only fill in if you are not human<\/label>\n\t\t<input type=\"hidden\" name=\"um_request\" id=\"um_request_20\" class=\"input\" value=\"\" size=\"25\" autocomplete=\"off\" \/>\n\t<\/p>\n\n\t<input type=\"hidden\" id=\"_wpnonce\" name=\"_wpnonce\" value=\"cf313c16c6\" \/><input type=\"hidden\" name=\"_wp_http_referer\" value=\"\/index.php?rest_route=%2Fwp%2Fv2%2Fpages%2F13\" \/>\n\t<div class=\"um-col-alt\">\n\n\t\t\n\t\t\t<div class=\"um-center\">\n\t\t\t\t<input type=\"submit\" value=\"Registrieren\" class=\"um-button\" id=\"um-submit-btn\" \/>\n\t\t\t<\/div>\n\n\t\t\n\t\t<div class=\"um-clear\"><\/div>\n\n\t<\/div>\n\n\t\t\t<\/form>\n\t<\/div>\n<\/div>\n\n\n\n<hr class=\"wp-block-separator\"\/>\n\n\n\n<hr class=\"wp-block-separator\"\/>\n\n\n\n<h2 class=\"wp-block-heading\"><span class=\"ez-toc-section\" id=\"Nutzungsbedingungen\"><\/span>Nutzungsbedingungen<span class=\"ez-toc-section-end\"><\/span><\/h2>\n\n\n\n<h3 class=\"wp-block-heading\"><span class=\"ez-toc-section\" id=\"Verpflichtung_auf_den_Datenschutz-2\"><\/span>Verpflichtung auf den Datenschutz<span class=\"ez-toc-section-end\"><\/span><\/h3>\n\n\n\n<p>Mit der Nutzung dieser nur f\u00fcr registrierte Mitglieder des <em>Netzwerk f\u00fcr b\u00fcrgernahe Stadtentwicklung<\/em> bestimmten Internetseite stimmt der Nutzer den folgenden Nutzungsbedingungen  zu:<\/p>\n\n\n\n<ul class=\"wp-block-list\"><li>Personenbezogene Daten der Nutzer dieser Seite d\u00fcrfen <strong>nicht<\/strong> an Dritte weiter gegeben werden. (Ausnahme: der betroffene Nutzer stimmt der Weitergabe ausdr\u00fccklich und nachweislich zu.)<\/li><li>Alle Inhalte dieser Seite, die erst nach Registrierung eines neuen Mitglieds oder nach Anmeldung eines bereits registrierten Mitglieds einsehbar sind, sind vertraulich zu behandeln und d\u00fcrfen <strong>nicht<\/strong> an Dritte weiter gegeben werden.<\/li><li>Benutzernamen und Passw\u00f6rter sind vor dem Zugriff Dritter zu sch\u00fctzen.<\/li><\/ul>\n\n\n\n<p>Stand: 02.01.2020<\/p>\n\n\n\n<hr class=\"wp-block-separator\"\/>\n\n\n\n<p>Zur\u00fcck zur <a href=\"https:\/\/work.boklima.de\/\">Start-Seite<\/a><\/p>\n","protected":false},"excerpt":{"rendered":"<p>HINWEIS : verpflichtende Angaben sind : Username , E-Mail-Adresse , Vorname , Passwort (mit Best\u00e4tigung) : Username : Wunschname innerhalb der Site (Buchstaben , Ziffern , &#8216;-&#8216; , &#8216;_&#8217;), mindestens 3 , h\u00f6chstens 10 , E-Mail-Adresse : eine existierende und dem netzwerk bekannte E-Mail-Adresse, Vorname : Dein den Mitarbeitern \/ Mitgliedern bekannter Vorname , Passwort [&hellip;]<\/p>\n","protected":false},"author":2,"featured_media":0,"parent":11,"menu_order":0,"comment_status":"closed","ping_status":"closed","template":"","meta":{"ngg_post_thumbnail":0,"_mc_calendar":[],"footnotes":""},"class_list":["post-13","page","type-page","status-publish","hentry"],"_links":{"self":[{"href":"https:\/\/work.boklima.de\/index.php?rest_route=\/wp\/v2\/pages\/13","targetHints":{"allow":["GET"]}}],"collection":[{"href":"https:\/\/work.boklima.de\/index.php?rest_route=\/wp\/v2\/pages"}],"about":[{"href":"https:\/\/work.boklima.de\/index.php?rest_route=\/wp\/v2\/types\/page"}],"author":[{"embeddable":true,"href":"https:\/\/work.boklima.de\/index.php?rest_route=\/wp\/v2\/users\/2"}],"replies":[{"embeddable":true,"href":"https:\/\/work.boklima.de\/index.php?rest_route=%2Fwp%2Fv2%2Fcomments&post=13"}],"version-history":[{"count":14,"href":"https:\/\/work.boklima.de\/index.php?rest_route=\/wp\/v2\/pages\/13\/revisions"}],"predecessor-version":[{"id":3100,"href":"https:\/\/work.boklima.de\/index.php?rest_route=\/wp\/v2\/pages\/13\/revisions\/3100"}],"up":[{"embeddable":true,"href":"https:\/\/work.boklima.de\/index.php?rest_route=\/wp\/v2\/pages\/11"}],"wp:attachment":[{"href":"https:\/\/work.boklima.de\/index.php?rest_route=%2Fwp%2Fv2%2Fmedia&parent=13"}],"curies":[{"name":"wp","href":"https:\/\/api.w.org\/{rel}","templated":true}]}}